{"id":1742,"date":"2021-01-19T17:42:55","date_gmt":"2021-01-19T16:42:55","guid":{"rendered":"http:\/\/51.91.75.84:8020\/politica-de-confidencialidad\/"},"modified":"2022-10-05T12:20:18","modified_gmt":"2022-10-05T10:20:18","slug":"politica-de-confidencialidad","status":"publish","type":"page","link":"https:\/\/sage-industry.fr\/es\/politica-de-confidencialidad\/","title":{"rendered":"Pol\u00edtica de confidencialidad"},"content":{"rendered":"&#13;\n<h2>\u00bfQui\u00e9nes somos?<\/h2>&#13;\n&#13;\n<p>La direcci\u00f3n de nuestro sitio web es: http:\/\/51.91.75.84:8020.<\/p>&#13;\n&#13;\n<h2>Uso de los datos personales recopilados<\/h2>&#13;\n&#13;\n<h3>Comentarios<\/h3>&#13;\n&#13;\n<p>Cuando deja un comentario en nuestro sitio web, se recopilan los datos facilitados en el formulario de comentarios, la direcci\u00f3n IP y el agente de usuario de su navegador para ayudarnos a detectar los comentarios no deseados.<\/p>&#13;\n&#13;\n<p>Se puede enviar una cadena anonimizada, creada a partir de su direcci\u00f3n de correo electr\u00f3nico (tambi\u00e9n denominada \u00abhash\u00bb), al servicio Gravatar para comprobar si lo utiliza. Las cl\u00e1usulas de confidencialidad del servicio Gravatar est\u00e1n disponibles aqu\u00ed: https:\/\/automattic.com\/privacy\/. Despu\u00e9s de validar su comentario, su foto de perfil ser\u00e1 visible y p\u00fablica, y aparecer\u00e1 junto a su comentario.<\/p>&#13;\n&#13;\n<h3>Medios de comunicaci\u00f3n<\/h3>&#13;\n&#13;\n<p>Si sube im\u00e1genes en el sitio web, le recomendamos que evite cargar im\u00e1genes que contengan datos EXIF de coordenadas GPS. Las personas que visitan su sitio web pueden descargar y extraer los datos de la ubicaci\u00f3n a partir de esas im\u00e1genes.<\/p>&#13;\n&#13;\n<h3>Formularios de contacto<\/h3>&#13;\n&#13;\n<h3>Cookies<\/h3>&#13;\n&#13;\n<p>Si deja un comentario en nuestro sitio web, se le pedir\u00e1 que guarde su nombre, direcci\u00f3n de correo electr\u00f3nico y sitio web en las cookies. El \u00fanico objetivo de ello es evitar que deba introducir los datos de nuevo si vuelve a escribir otro comentario m\u00e1s tarde. Dichas cookies caducan despu\u00e9s de un a\u00f1o.<\/p>&#13;\n&#13;\n<p>Si visita la p\u00e1gina de inicio de sesi\u00f3n, se crear\u00e1 una cookie temporal para determinar si su navegador acepta las cookies. No contiene datos personales y se eliminar\u00e1 autom\u00e1ticamente tras cerrar el navegador.<\/p>&#13;\n&#13;\n<p>Al iniciar sesi\u00f3n, colocaremos una serie de cookies para guardar sus datos de inicio de sesi\u00f3n y preferencias de pantalla. La vida \u00fatil de una cookie de inicio de sesi\u00f3n es de dos d\u00edas y de la cookie de opciones de pantalla es de un a\u00f1o. Si marca \u00abRecordarme\u00bb, su cookie de inicio de sesi\u00f3n se conservar\u00e1 durante dos semanas. Si cierra sesi\u00f3n de su cuenta, la cookie de inicio de sesi\u00f3n se borrar\u00e1.<\/p>&#13;\n&#13;\n<p>Al modificar o al realizar una publicaci\u00f3n, se guardar\u00e1 una cookie adicional en su navegador. Esta cookie no contiene ning\u00fan dato personal. \u00danicamente se\u00f1ala la identificaci\u00f3n de la publicaci\u00f3n que acaba de modificar. Caduca al cabo de un d\u00eda.<\/p>&#13;\n&#13;\n<h3>Contenido incrustado de otros sitios web<\/h3>&#13;\n&#13;\n<p>Los art\u00edculos de este sitio web pueden incluir contenidos incrustados (como v\u00eddeos, im\u00e1genes, art\u00edculos, etc.). El contenido incrustado de otros sitios web se comporta como si el visitante consultara dichos sitios web.<\/p>&#13;\n&#13;\n<p>Estos sitios web podr\u00edan recolectar sus datos, utilizar cookies, incrustar herramientas de seguimiento de terceros y realizar un seguimiento de sus interacciones con esos contenidos incrustados si su cuenta est\u00e1 conectada a sus sitios web.<\/p>&#13;\n&#13;\n<h3>Estad\u00edsticas y mediciones de audiencia<\/h3>&#13;\n&#13;\n<h2>Uso y transmisi\u00f3n de sus datos personales<\/h2>&#13;\n&#13;\n<p>Si solicita reinicializar su contrase\u00f1a, se incluir\u00e1 su direcci\u00f3n IP en el correo electr\u00f3nico de reinicializaci\u00f3n.<\/p>&#13;\n&#13;\n<h2>Duraci\u00f3n del almacenamiento de sus datos<\/h2>&#13;\n&#13;\n<p>Si deja un comentario, dicho comentario y sus metadatos se conservar\u00e1n indefinidamente. Eso permite identificar y aprobar autom\u00e1ticamente los comentarios posteriores, en vez dirigirlos al hilo de moderaci\u00f3n.<\/p>&#13;\n&#13;\n<p>Para las cuentas registradas en nuestro sitio web (si procede), tambi\u00e9n almacenamos los datos personales indicados en su perfil. Todas las cuentas pueden ver, modificar o suprimir su informaci\u00f3n personal en todo momento (salvo su identificaci\u00f3n). Los administradores del sitio web tambi\u00e9n pueden ver y modificar dicha informaci\u00f3n.<\/p>&#13;\n&#13;\n<h2>Los derechos que tiene sobre sus datos<\/h2>&#13;\n&#13;\n<p>Si tiene una cuenta o si ha dejado comentarios en el sitio web, puede solicitar que se le env\u00ede un archivo con todos los datos personales que disponemos sobre usted, incluso aquellos que nos ha facilitado. Asimismo, puede solicitar la supresi\u00f3n de los datos personales relacionados con usted. Ello no afecta a los datos almacenados con finalidades administrativas, jur\u00eddicas o por motivos de seguridad.<\/p>&#13;\n&#13;\n<h2>Transmisi\u00f3n de sus datos personales<\/h2>&#13;\n&#13;\n<p>Los comentarios de los visitantes se pueden verificar mediante un servicio autom\u00e1tico de detecci\u00f3n de comentarios no deseados.<\/p>&#13;\n&#13;\n<h2>Datos de contacto<\/h2>&#13;\n&#13;\n<h2>Informaci\u00f3n suplementaria<\/h2>&#13;\n&#13;\n<h3>C\u00f3mo protegemos sus datos<\/h3>&#13;\n&#13;\n<h3>Procedimientos seguidos en caso de filtraciones de datos<\/h3>&#13;\n&#13;\n<h3>Los servicios de terceros que nos transmiten datos<\/h3>&#13;\n&#13;\n<h3>Operaciones de marketing automatizadas o de elaboraci\u00f3n de perfiles realizadas utilizando datos personales<\/h3>&#13;\n&#13;\n<h3>Visualizaci\u00f3n de la informaci\u00f3n vinculada a sectores sujetos a regulaciones espec\u00edficas<\/h3>&#13;\n","protected":false},"excerpt":{"rendered":"<p>&#13; \u00bfQui\u00e9nes somos? &#13; &#13; La direcci\u00f3n de nuestro sitio web es: http:\/\/51.91.75.84:8020. &#13; &#13; Uso de los datos personales recopilados &#13; &#13; Comentarios &#13; &#13; Cuando deja un comentario en nuestro sitio web, se recopilan los datos facilitados en el formulario de comentarios, la direcci\u00f3n IP y el agente de usuario de su navegador [&hellip;]<\/p>\n","protected":false},"author":1,"featured_media":1537,"parent":0,"menu_order":0,"comment_status":"closed","ping_status":"closed","template":"","meta":[],"acf":[],"yoast_head":"<!-- This site is optimized with the Yoast SEO plugin v20.4 - https:\/\/yoast.com\/wordpress\/plugins\/seo\/ -->\n<title>Pol\u00edtica de confidencialidad - Sage Industry<\/title>\n<meta name=\"robots\" content=\"index, follow, max-snippet:-1, max-image-preview:large, max-video-preview:-1\" \/>\n<link rel=\"canonical\" href=\"https:\/\/sage-industry.fr\/es\/politica-de-confidencialidad\/\" \/>\n<meta property=\"og:locale\" content=\"es_ES\" \/>\n<meta property=\"og:type\" content=\"article\" \/>\n<meta property=\"og:title\" content=\"Pol\u00edtica de confidencialidad - Sage Industry\" \/>\n<meta property=\"og:description\" content=\"&#013; \u00bfQui\u00e9nes somos? &#013; &#013; La direcci\u00f3n de nuestro sitio web es: http:\/\/51.91.75.84:8020. &#013; &#013; Uso de los datos personales recopilados &#013; &#013; Comentarios &#013; &#013; Cuando deja un comentario en nuestro sitio web, se recopilan los datos facilitados en el formulario de comentarios, la direcci\u00f3n IP y el agente de usuario de su navegador [&hellip;]\" \/>\n<meta property=\"og:url\" content=\"https:\/\/sage-industry.fr\/es\/politica-de-confidencialidad\/\" \/>\n<meta property=\"og:site_name\" content=\"Sage Industry\" \/>\n<meta property=\"article:modified_time\" content=\"2022-10-05T10:20:18+00:00\" \/>\n<meta property=\"og:image\" content=\"https:\/\/sage-industry.fr\/wp-content\/uploads\/2021\/04\/homepage.jpg\" \/>\n\t<meta property=\"og:image:width\" content=\"1110\" \/>\n\t<meta property=\"og:image:height\" content=\"280\" \/>\n\t<meta property=\"og:image:type\" content=\"image\/jpeg\" \/>\n<meta name=\"twitter:card\" content=\"summary_large_image\" \/>\n<meta name=\"twitter:label1\" content=\"Tiempo de lectura\" \/>\n\t<meta name=\"twitter:data1\" content=\"4 minutos\" \/>\n<script type=\"application\/ld+json\" class=\"yoast-schema-graph\">{\"@context\":\"https:\/\/schema.org\",\"@graph\":[{\"@type\":\"WebPage\",\"@id\":\"https:\/\/sage-industry.fr\/es\/politica-de-confidencialidad\/\",\"url\":\"https:\/\/sage-industry.fr\/es\/politica-de-confidencialidad\/\",\"name\":\"Pol\u00edtica de confidencialidad - Sage Industry\",\"isPartOf\":{\"@id\":\"https:\/\/sage-industry.fr\/es\/#website\"},\"datePublished\":\"2021-01-19T16:42:55+00:00\",\"dateModified\":\"2022-10-05T10:20:18+00:00\",\"breadcrumb\":{\"@id\":\"https:\/\/sage-industry.fr\/es\/politica-de-confidencialidad\/#breadcrumb\"},\"inLanguage\":\"es\",\"potentialAction\":[{\"@type\":\"ReadAction\",\"target\":[\"https:\/\/sage-industry.fr\/es\/politica-de-confidencialidad\/\"]}]},{\"@type\":\"BreadcrumbList\",\"@id\":\"https:\/\/sage-industry.fr\/es\/politica-de-confidencialidad\/#breadcrumb\",\"itemListElement\":[{\"@type\":\"ListItem\",\"position\":1,\"name\":\"Accueil\",\"item\":\"https:\/\/sage-industry.fr\/es\/\"},{\"@type\":\"ListItem\",\"position\":2,\"name\":\"Pol\u00edtica de confidencialidad\"}]},{\"@type\":\"WebSite\",\"@id\":\"https:\/\/sage-industry.fr\/es\/#website\",\"url\":\"https:\/\/sage-industry.fr\/es\/\",\"name\":\"Sage Industry\",\"description\":\"LE PARTENAIRE EXPERT D\u2019UNE INDUSTRIE \u00c9CORESPONSABLE\",\"publisher\":{\"@id\":\"https:\/\/sage-industry.fr\/es\/#organization\"},\"potentialAction\":[{\"@type\":\"SearchAction\",\"target\":{\"@type\":\"EntryPoint\",\"urlTemplate\":\"https:\/\/sage-industry.fr\/es\/?s={search_term_string}\"},\"query-input\":\"required name=search_term_string\"}],\"inLanguage\":\"es\"},{\"@type\":\"Organization\",\"@id\":\"https:\/\/sage-industry.fr\/es\/#organization\",\"name\":\"Sage Industry\",\"url\":\"https:\/\/sage-industry.fr\/es\/\",\"logo\":{\"@type\":\"ImageObject\",\"inLanguage\":\"es\",\"@id\":\"https:\/\/sage-industry.fr\/es\/#\/schema\/logo\/image\/\",\"url\":\"http:\/\/51.91.75.84:8020\/wp-content\/uploads\/2021\/12\/sage-industry.png\",\"contentUrl\":\"http:\/\/51.91.75.84:8020\/wp-content\/uploads\/2021\/12\/sage-industry.png\",\"width\":1356,\"height\":747,\"caption\":\"Sage Industry\"},\"image\":{\"@id\":\"https:\/\/sage-industry.fr\/es\/#\/schema\/logo\/image\/\"}}]}<\/script>\n<!-- \/ Yoast SEO plugin. -->","yoast_head_json":{"title":"Pol\u00edtica de confidencialidad - Sage Industry","robots":{"index":"index","follow":"follow","max-snippet":"max-snippet:-1","max-image-preview":"max-image-preview:large","max-video-preview":"max-video-preview:-1"},"canonical":"https:\/\/sage-industry.fr\/es\/politica-de-confidencialidad\/","og_locale":"es_ES","og_type":"article","og_title":"Pol\u00edtica de confidencialidad - Sage Industry","og_description":"&#13; \u00bfQui\u00e9nes somos? &#13; &#13; La direcci\u00f3n de nuestro sitio web es: http:\/\/51.91.75.84:8020. &#13; &#13; Uso de los datos personales recopilados &#13; &#13; Comentarios &#13; &#13; Cuando deja un comentario en nuestro sitio web, se recopilan los datos facilitados en el formulario de comentarios, la direcci\u00f3n IP y el agente de usuario de su navegador [&hellip;]","og_url":"https:\/\/sage-industry.fr\/es\/politica-de-confidencialidad\/","og_site_name":"Sage Industry","article_modified_time":"2022-10-05T10:20:18+00:00","og_image":[{"width":1110,"height":280,"url":"https:\/\/sage-industry.fr\/wp-content\/uploads\/2021\/04\/homepage.jpg","type":"image\/jpeg"}],"twitter_card":"summary_large_image","twitter_misc":{"Tiempo de lectura":"4 minutos"},"schema":{"@context":"https:\/\/schema.org","@graph":[{"@type":"WebPage","@id":"https:\/\/sage-industry.fr\/es\/politica-de-confidencialidad\/","url":"https:\/\/sage-industry.fr\/es\/politica-de-confidencialidad\/","name":"Pol\u00edtica de confidencialidad - Sage Industry","isPartOf":{"@id":"https:\/\/sage-industry.fr\/es\/#website"},"datePublished":"2021-01-19T16:42:55+00:00","dateModified":"2022-10-05T10:20:18+00:00","breadcrumb":{"@id":"https:\/\/sage-industry.fr\/es\/politica-de-confidencialidad\/#breadcrumb"},"inLanguage":"es","potentialAction":[{"@type":"ReadAction","target":["https:\/\/sage-industry.fr\/es\/politica-de-confidencialidad\/"]}]},{"@type":"BreadcrumbList","@id":"https:\/\/sage-industry.fr\/es\/politica-de-confidencialidad\/#breadcrumb","itemListElement":[{"@type":"ListItem","position":1,"name":"Accueil","item":"https:\/\/sage-industry.fr\/es\/"},{"@type":"ListItem","position":2,"name":"Pol\u00edtica de confidencialidad"}]},{"@type":"WebSite","@id":"https:\/\/sage-industry.fr\/es\/#website","url":"https:\/\/sage-industry.fr\/es\/","name":"Sage Industry","description":"LE PARTENAIRE EXPERT D\u2019UNE INDUSTRIE \u00c9CORESPONSABLE","publisher":{"@id":"https:\/\/sage-industry.fr\/es\/#organization"},"potentialAction":[{"@type":"SearchAction","target":{"@type":"EntryPoint","urlTemplate":"https:\/\/sage-industry.fr\/es\/?s={search_term_string}"},"query-input":"required name=search_term_string"}],"inLanguage":"es"},{"@type":"Organization","@id":"https:\/\/sage-industry.fr\/es\/#organization","name":"Sage Industry","url":"https:\/\/sage-industry.fr\/es\/","logo":{"@type":"ImageObject","inLanguage":"es","@id":"https:\/\/sage-industry.fr\/es\/#\/schema\/logo\/image\/","url":"http:\/\/51.91.75.84:8020\/wp-content\/uploads\/2021\/12\/sage-industry.png","contentUrl":"http:\/\/51.91.75.84:8020\/wp-content\/uploads\/2021\/12\/sage-industry.png","width":1356,"height":747,"caption":"Sage Industry"},"image":{"@id":"https:\/\/sage-industry.fr\/es\/#\/schema\/logo\/image\/"}}]}},"_links":{"self":[{"href":"https:\/\/sage-industry.fr\/es\/wp-json\/wp\/v2\/pages\/1742"}],"collection":[{"href":"https:\/\/sage-industry.fr\/es\/wp-json\/wp\/v2\/pages"}],"about":[{"href":"https:\/\/sage-industry.fr\/es\/wp-json\/wp\/v2\/types\/page"}],"author":[{"embeddable":true,"href":"https:\/\/sage-industry.fr\/es\/wp-json\/wp\/v2\/users\/1"}],"replies":[{"embeddable":true,"href":"https:\/\/sage-industry.fr\/es\/wp-json\/wp\/v2\/comments?post=1742"}],"version-history":[{"count":3,"href":"https:\/\/sage-industry.fr\/es\/wp-json\/wp\/v2\/pages\/1742\/revisions"}],"predecessor-version":[{"id":1760,"href":"https:\/\/sage-industry.fr\/es\/wp-json\/wp\/v2\/pages\/1742\/revisions\/1760"}],"wp:featuredmedia":[{"embeddable":true,"href":"https:\/\/sage-industry.fr\/es\/wp-json\/wp\/v2\/media\/1537"}],"wp:attachment":[{"href":"https:\/\/sage-industry.fr\/es\/wp-json\/wp\/v2\/media?parent=1742"}],"curies":[{"name":"wp","href":"https:\/\/api.w.org\/{rel}","templated":true}]}}