{"id":1748,"date":"2021-04-06T13:37:19","date_gmt":"2021-04-06T11:37:19","guid":{"rendered":"http:\/\/51.91.75.84:8020\/nuestra-vision\/"},"modified":"2022-10-05T12:20:03","modified_gmt":"2022-10-05T10:20:03","slug":"nuestra-vision","status":"publish","type":"page","link":"https:\/\/sage-industry.fr\/es\/nuestra-vision\/","title":{"rendered":"Nuestra visi\u00f3n"},"content":{"rendered":"","protected":false},"excerpt":{"rendered":"","protected":false},"author":1,"featured_media":1635,"parent":0,"menu_order":0,"comment_status":"closed","ping_status":"closed","template":"","meta":[],"acf":[],"yoast_head":"<!-- This site is optimized with the Yoast SEO plugin v20.4 - https:\/\/yoast.com\/wordpress\/plugins\/seo\/ -->\n<title>Nuestra visi\u00f3n - Sage Industry<\/title>\n<meta name=\"description\" content=\"Sage Industry, especialista de la transici\u00f3n energ\u00e9tica y del desarrollo sostenible, apoya a las empresas con innovaci\u00f3n, propuestas firmes y conocimientos t\u00e9cnicos, desarrolla su inteligencia colectiva y no escatima en esfuerzos.\" \/>\n<meta name=\"robots\" content=\"index, follow, max-snippet:-1, max-image-preview:large, max-video-preview:-1\" \/>\n<link rel=\"canonical\" href=\"https:\/\/sage-industry.fr\/es\/nuestra-vision\/\" \/>\n<meta property=\"og:locale\" content=\"es_ES\" \/>\n<meta property=\"og:type\" content=\"article\" \/>\n<meta property=\"og:title\" content=\"Nuestra visi\u00f3n - Sage Industry\" \/>\n<meta property=\"og:description\" content=\"Sage Industry, especialista de la transici\u00f3n energ\u00e9tica y del desarrollo sostenible, apoya a las empresas con innovaci\u00f3n, propuestas firmes y conocimientos t\u00e9cnicos, desarrolla su inteligencia colectiva y no escatima en esfuerzos.\" \/>\n<meta property=\"og:url\" content=\"https:\/\/sage-industry.fr\/es\/nuestra-vision\/\" \/>\n<meta property=\"og:site_name\" content=\"Sage Industry\" \/>\n<meta property=\"article:modified_time\" content=\"2022-10-05T10:20:03+00:00\" \/>\n<meta property=\"og:image\" content=\"https:\/\/sage-industry.fr\/wp-content\/uploads\/2021\/05\/Header-vision.jpg\" \/>\n\t<meta property=\"og:image:width\" content=\"1110\" \/>\n\t<meta property=\"og:image:height\" content=\"320\" \/>\n\t<meta property=\"og:image:type\" content=\"image\/jpeg\" \/>\n<meta name=\"twitter:card\" content=\"summary_large_image\" \/>\n<script type=\"application\/ld+json\" class=\"yoast-schema-graph\">{\"@context\":\"https:\/\/schema.org\",\"@graph\":[{\"@type\":\"WebPage\",\"@id\":\"https:\/\/sage-industry.fr\/es\/nuestra-vision\/\",\"url\":\"https:\/\/sage-industry.fr\/es\/nuestra-vision\/\",\"name\":\"Nuestra visi\u00f3n - Sage Industry\",\"isPartOf\":{\"@id\":\"https:\/\/sage-industry.fr\/es\/#website\"},\"datePublished\":\"2021-04-06T11:37:19+00:00\",\"dateModified\":\"2022-10-05T10:20:03+00:00\",\"description\":\"Sage Industry, especialista de la transici\u00f3n energ\u00e9tica y del desarrollo sostenible, apoya a las empresas con innovaci\u00f3n, propuestas firmes y conocimientos t\u00e9cnicos, desarrolla su inteligencia colectiva y no escatima en esfuerzos.\",\"breadcrumb\":{\"@id\":\"https:\/\/sage-industry.fr\/es\/nuestra-vision\/#breadcrumb\"},\"inLanguage\":\"es\",\"potentialAction\":[{\"@type\":\"ReadAction\",\"target\":[\"https:\/\/sage-industry.fr\/es\/nuestra-vision\/\"]}]},{\"@type\":\"BreadcrumbList\",\"@id\":\"https:\/\/sage-industry.fr\/es\/nuestra-vision\/#breadcrumb\",\"itemListElement\":[{\"@type\":\"ListItem\",\"position\":1,\"name\":\"Accueil\",\"item\":\"https:\/\/sage-industry.fr\/es\/\"},{\"@type\":\"ListItem\",\"position\":2,\"name\":\"Nuestra visi\u00f3n\"}]},{\"@type\":\"WebSite\",\"@id\":\"https:\/\/sage-industry.fr\/es\/#website\",\"url\":\"https:\/\/sage-industry.fr\/es\/\",\"name\":\"Sage Industry\",\"description\":\"LE PARTENAIRE EXPERT D\u2019UNE INDUSTRIE \u00c9CORESPONSABLE\",\"publisher\":{\"@id\":\"https:\/\/sage-industry.fr\/es\/#organization\"},\"potentialAction\":[{\"@type\":\"SearchAction\",\"target\":{\"@type\":\"EntryPoint\",\"urlTemplate\":\"https:\/\/sage-industry.fr\/es\/?s={search_term_string}\"},\"query-input\":\"required name=search_term_string\"}],\"inLanguage\":\"es\"},{\"@type\":\"Organization\",\"@id\":\"https:\/\/sage-industry.fr\/es\/#organization\",\"name\":\"Sage Industry\",\"url\":\"https:\/\/sage-industry.fr\/es\/\",\"logo\":{\"@type\":\"ImageObject\",\"inLanguage\":\"es\",\"@id\":\"https:\/\/sage-industry.fr\/es\/#\/schema\/logo\/image\/\",\"url\":\"http:\/\/51.91.75.84:8020\/wp-content\/uploads\/2021\/12\/sage-industry.png\",\"contentUrl\":\"http:\/\/51.91.75.84:8020\/wp-content\/uploads\/2021\/12\/sage-industry.png\",\"width\":1356,\"height\":747,\"caption\":\"Sage Industry\"},\"image\":{\"@id\":\"https:\/\/sage-industry.fr\/es\/#\/schema\/logo\/image\/\"}}]}<\/script>\n<!-- \/ Yoast SEO plugin. -->","yoast_head_json":{"title":"Nuestra visi\u00f3n - Sage Industry","description":"Sage Industry, especialista de la transici\u00f3n energ\u00e9tica y del desarrollo sostenible, apoya a las empresas con innovaci\u00f3n, propuestas firmes y conocimientos t\u00e9cnicos, desarrolla su inteligencia colectiva y no escatima en esfuerzos.","robots":{"index":"index","follow":"follow","max-snippet":"max-snippet:-1","max-image-preview":"max-image-preview:large","max-video-preview":"max-video-preview:-1"},"canonical":"https:\/\/sage-industry.fr\/es\/nuestra-vision\/","og_locale":"es_ES","og_type":"article","og_title":"Nuestra visi\u00f3n - Sage Industry","og_description":"Sage Industry, especialista de la transici\u00f3n energ\u00e9tica y del desarrollo sostenible, apoya a las empresas con innovaci\u00f3n, propuestas firmes y conocimientos t\u00e9cnicos, desarrolla su inteligencia colectiva y no escatima en esfuerzos.","og_url":"https:\/\/sage-industry.fr\/es\/nuestra-vision\/","og_site_name":"Sage Industry","article_modified_time":"2022-10-05T10:20:03+00:00","og_image":[{"width":1110,"height":320,"url":"https:\/\/sage-industry.fr\/wp-content\/uploads\/2021\/05\/Header-vision.jpg","type":"image\/jpeg"}],"twitter_card":"summary_large_image","schema":{"@context":"https:\/\/schema.org","@graph":[{"@type":"WebPage","@id":"https:\/\/sage-industry.fr\/es\/nuestra-vision\/","url":"https:\/\/sage-industry.fr\/es\/nuestra-vision\/","name":"Nuestra visi\u00f3n - Sage Industry","isPartOf":{"@id":"https:\/\/sage-industry.fr\/es\/#website"},"datePublished":"2021-04-06T11:37:19+00:00","dateModified":"2022-10-05T10:20:03+00:00","description":"Sage Industry, especialista de la transici\u00f3n energ\u00e9tica y del desarrollo sostenible, apoya a las empresas con innovaci\u00f3n, propuestas firmes y conocimientos t\u00e9cnicos, desarrolla su inteligencia colectiva y no escatima en esfuerzos.","breadcrumb":{"@id":"https:\/\/sage-industry.fr\/es\/nuestra-vision\/#breadcrumb"},"inLanguage":"es","potentialAction":[{"@type":"ReadAction","target":["https:\/\/sage-industry.fr\/es\/nuestra-vision\/"]}]},{"@type":"BreadcrumbList","@id":"https:\/\/sage-industry.fr\/es\/nuestra-vision\/#breadcrumb","itemListElement":[{"@type":"ListItem","position":1,"name":"Accueil","item":"https:\/\/sage-industry.fr\/es\/"},{"@type":"ListItem","position":2,"name":"Nuestra visi\u00f3n"}]},{"@type":"WebSite","@id":"https:\/\/sage-industry.fr\/es\/#website","url":"https:\/\/sage-industry.fr\/es\/","name":"Sage Industry","description":"LE PARTENAIRE EXPERT D\u2019UNE INDUSTRIE \u00c9CORESPONSABLE","publisher":{"@id":"https:\/\/sage-industry.fr\/es\/#organization"},"potentialAction":[{"@type":"SearchAction","target":{"@type":"EntryPoint","urlTemplate":"https:\/\/sage-industry.fr\/es\/?s={search_term_string}"},"query-input":"required name=search_term_string"}],"inLanguage":"es"},{"@type":"Organization","@id":"https:\/\/sage-industry.fr\/es\/#organization","name":"Sage Industry","url":"https:\/\/sage-industry.fr\/es\/","logo":{"@type":"ImageObject","inLanguage":"es","@id":"https:\/\/sage-industry.fr\/es\/#\/schema\/logo\/image\/","url":"http:\/\/51.91.75.84:8020\/wp-content\/uploads\/2021\/12\/sage-industry.png","contentUrl":"http:\/\/51.91.75.84:8020\/wp-content\/uploads\/2021\/12\/sage-industry.png","width":1356,"height":747,"caption":"Sage Industry"},"image":{"@id":"https:\/\/sage-industry.fr\/es\/#\/schema\/logo\/image\/"}}]}},"_links":{"self":[{"href":"https:\/\/sage-industry.fr\/es\/wp-json\/wp\/v2\/pages\/1748"}],"collection":[{"href":"https:\/\/sage-industry.fr\/es\/wp-json\/wp\/v2\/pages"}],"about":[{"href":"https:\/\/sage-industry.fr\/es\/wp-json\/wp\/v2\/types\/page"}],"author":[{"embeddable":true,"href":"https:\/\/sage-industry.fr\/es\/wp-json\/wp\/v2\/users\/1"}],"replies":[{"embeddable":true,"href":"https:\/\/sage-industry.fr\/es\/wp-json\/wp\/v2\/comments?post=1748"}],"version-history":[{"count":1,"href":"https:\/\/sage-industry.fr\/es\/wp-json\/wp\/v2\/pages\/1748\/revisions"}],"predecessor-version":[{"id":1765,"href":"https:\/\/sage-industry.fr\/es\/wp-json\/wp\/v2\/pages\/1748\/revisions\/1765"}],"wp:featuredmedia":[{"embeddable":true,"href":"https:\/\/sage-industry.fr\/es\/wp-json\/wp\/v2\/media\/1635"}],"wp:attachment":[{"href":"https:\/\/sage-industry.fr\/es\/wp-json\/wp\/v2\/media?parent=1748"}],"curies":[{"name":"wp","href":"https:\/\/api.w.org\/{rel}","templated":true}]}}